{"id":7,"date":"2026-04-05T14:13:40","date_gmt":"2026-04-05T14:13:40","guid":{"rendered":"https:\/\/esoluciona.org\/?page_id=7"},"modified":"2026-04-05T14:13:40","modified_gmt":"2026-04-05T14:13:40","slug":"home","status":"publish","type":"page","link":"https:\/\/esoluciona.org\/","title":{"rendered":"Home"},"content":{"rendered":"\n<section class=\"hero\">\n  <div class=\"container\">\n    <div class=\"kicker\">HE-VA<\/div>\n    <h1>Maskiner til det moderne landbrug<\/h1>\n    <p>WordPress-startside bygget p\u00e5 den offentlige struktur og tekst fra he-va.com.<\/p>\n    <a class=\"btn\" href=\"\/produkter\/\">L\u00e6s mere<\/a>\n  <\/div>\n<\/section>\n\n<section class=\"section\">\n  <div class=\"container\">\n    <h2 class=\"section-title\">Vores maskiner<\/h2>\n    <p class=\"section-intro\">Et stort udvalg af landbrugsmaskiner til ethvert behov.<\/p>\n    <div class=\"grid cols-4\">\n      <div class=\"card\"><h3>S\u00e5bedsharver<\/h3><p>Harverne i HE-VAs sortiment klarer jordbearbejdningen effektivt.<\/p><\/div>\n      <div class=\"card\"><h3>Tromler<\/h3><p>Stort udvalg af tromler til alle jordtyper.<\/p><\/div>\n      <div class=\"card\"><h3>Grubber<\/h3><p>Effektiv l\u00f8sning af jorden til moderne landbrug.<\/p><\/div>\n      <div class=\"card\"><h3>Stubredskaber<\/h3><p>Effektive kultivatorer til stubmarker.<\/p><\/div>\n      <div class=\"card\"><h3>Strigler<\/h3><p>Effektiv bek\u00e6mpelse af ukrudt og gr\u00e6smarkspleje.<\/p><\/div>\n      <div class=\"card\"><h3>Fr\u00f8s\u00e5udstyr<\/h3><p>Pr\u00e6cis uds\u00e5ning af alle fr\u00f8arter og g\u00f8dning.<\/p><\/div>\n      <div class=\"card\"><h3>Rundballeafvikler<\/h3><p>Afvikling af halmballer og rundballer.<\/p><\/div>\n      <div class=\"card\"><h3>Frontredskaber &#038; Front-Lifte<\/h3><p>Komplet udstyr af frontmonterede maskiner.<\/p><\/div>\n    <\/div>\n  <\/div>\n<\/section>\n\n<section class=\"section alt\">\n  <div class=\"container\">\n    <div class=\"kicker\">Case<\/div>\n    <h2 class=\"section-title\">Grubbes\u00e5ning af raps<\/h2>\n    <p class=\"case-quote\">\u201cJeg er meget begejstret\u201d<\/p>\n    <p>Landmand Poul S\u00f8rensen p\u00e5 Todbjerg Overgaard i \u00d8stjylland havde l\u00e6nge haft problemer med vandlidende jord, indtil han fik grubbes\u00e5et rapsmarkerne med en HE-VA Sub-Tiller.<\/p>\n  <\/div>\n<\/section>\n\n<section class=\"section\">\n  <div class=\"container\">\n    <h2 class=\"section-title\">Worldwide forhandlernet<\/h2>\n    <p class=\"section-intro\">Vi har forhandlere i mere end 40 lande. Lokale forhandlere er med til at sikre at kunderne m\u00f8des med stort lokalkendskab og et h\u00f8jt serviceniveau.<\/p>\n    <a class=\"btn\" href=\"\/forhandlere\/\">Find din forhandler her<\/a>\n  <\/div>\n<\/section>\n\n<section class=\"section alt\">\n  <div class=\"container\">\n    <h2 class=\"section-title\">Seneste nyheder<\/h2>\n    <div class=\"grid cols-2\">\n      <div class=\"card\"><div class=\"news-meta\">08 dec 2025<\/div><h3>Administrerende direkt\u00f8r p\u00e5 HE-VA, Villy Christiansen, fylder 80 \u00e5r i dag, den 8. december 2025<\/h3><\/div>\n      <div class=\"card\"><div class=\"news-meta\">26 jun 2025<\/div><h3>HE-VA bygger i nedgangstider\u2026<\/h3><\/div>\n      <div class=\"card\"><div class=\"news-meta\">10 jan 2025<\/div><h3>HE-VAs tekniske direkt\u00f8r har 30 \u00e5rs jubil\u00e6um<\/h3><\/div>\n      <div class=\"card\"><div class=\"news-meta\">16 okt 2024<\/div><h3>HE-VA APS appoints New Regional Export Manager<\/h3><\/div>\n    <\/div>\n  <\/div>\n<\/section>\n","protected":false},"excerpt":{"rendered":"<p>HE-VA Maskiner til det moderne landbrug WordPress-startside bygget p\u00e5 den offentlige struktur og tekst fra he-va.com. L\u00e6s mere Vores maskiner Et stort udvalg af landbrugsmaskiner til ethvert behov. S\u00e5bedsharver Harverne i HE-VAs sortiment klarer jordbearbejdningen effektivt. Tromler Stort udvalg af tromler til alle jordtyper. Grubber Effektiv l\u00f8sning af jorden til moderne landbrug. Stubredskaber Effektive kultivatorer [&hellip;]<\/p>\n","protected":false},"author":1,"featured_media":0,"parent":0,"menu_order":0,"comment_status":"closed","ping_status":"closed","template":"","meta":{"footnotes":""},"class_list":["post-7","page","type-page","status-publish","hentry"],"_links":{"self":[{"href":"https:\/\/esoluciona.org\/index.php?rest_route=\/wp\/v2\/pages\/7","targetHints":{"allow":["GET"]}}],"collection":[{"href":"https:\/\/esoluciona.org\/index.php?rest_route=\/wp\/v2\/pages"}],"about":[{"href":"https:\/\/esoluciona.org\/index.php?rest_route=\/wp\/v2\/types\/page"}],"author":[{"embeddable":true,"href":"https:\/\/esoluciona.org\/index.php?rest_route=\/wp\/v2\/users\/1"}],"replies":[{"embeddable":true,"href":"https:\/\/esoluciona.org\/index.php?rest_route=%2Fwp%2Fv2%2Fcomments&post=7"}],"version-history":[{"count":0,"href":"https:\/\/esoluciona.org\/index.php?rest_route=\/wp\/v2\/pages\/7\/revisions"}],"wp:attachment":[{"href":"https:\/\/esoluciona.org\/index.php?rest_route=%2Fwp%2Fv2%2Fmedia&parent=7"}],"curies":[{"name":"wp","href":"https:\/\/api.w.org\/{rel}","templated":true}]}}